{"id":30,"date":"2023-06-24T15:30:30","date_gmt":"2023-06-24T15:30:30","guid":{"rendered":"https:\/\/myblog-sa14rvrpqg.live-website.com\/get-started\/"},"modified":"2024-06-06T16:22:23","modified_gmt":"2024-06-06T16:22:23","slug":"get-started","status":"publish","type":"page","link":"https:\/\/myblog-sa14rvrpqg.live-website.com\/es\/get-started\/","title":{"rendered":"Empieza"},"content":{"rendered":"<div data-elementor-type=\"wp-page\" data-elementor-id=\"30\" class=\"elementor elementor-30\" data-elementor-post-type=\"page\">\n\t\t\t\t<div class=\"elementor-element elementor-element-7349a0cf e-con-full e-flex e-con e-parent\" data-id=\"7349a0cf\" data-element_type=\"container\" data-settings=\"{&quot;background_background&quot;:&quot;classic&quot;}\">\n\t\t<div class=\"elementor-element elementor-element-2bfe1eda e-flex e-con-boxed e-con e-child\" data-id=\"2bfe1eda\" data-element_type=\"container\">\n\t\t\t\t\t<div class=\"e-con-inner\">\n\t\t\t\t<div class=\"elementor-element elementor-element-2541af95 elementor-invisible elementor-widget elementor-widget-heading\" data-id=\"2541af95\" data-element_type=\"widget\" data-settings=\"{&quot;_animation&quot;:&quot;fadeIn&quot;,&quot;_animation_delay&quot;:400}\" data-widget_type=\"heading.default\">\n\t\t\t\t<div class=\"elementor-widget-container\">\n\t\t\t\t\t<h1 class=\"elementor-heading-title elementor-size-default\">Get Started with emiGO<\/h1>\t\t\t\t<\/div>\n\t\t\t\t<\/div>\n\t\t\t\t<div class=\"elementor-element elementor-element-1b8299ab elementor-invisible elementor-widget elementor-widget-text-editor\" data-id=\"1b8299ab\" data-element_type=\"widget\" data-settings=\"{&quot;_animation&quot;:&quot;fadeIn&quot;,&quot;_animation_delay&quot;:600}\" data-widget_type=\"text-editor.default\">\n\t\t\t\t<div class=\"elementor-widget-container\">\n\t\t\t\t\t\t\t\t\t<p>Nuestros productos y servicios tratan de desentra\u00f1ar los problemas de EMC que no pueden abordarse con las herramientas y m\u00e9todos de evaluaci\u00f3n actuales, al tiempo que aceleran la evaluaci\u00f3n de la conformidad para que nuestros principales clientes, nuevas empresas y PYME, puedan comercializar a tiempo y con confianza la garant\u00eda de calidad asociada al cumplimiento de los requisitos de EMC.<\/p>\t\t\t\t\t\t\t\t<\/div>\n\t\t\t\t<\/div>\n\t\t\t\t\t<\/div>\n\t\t\t\t<\/div>\n\t\t\t\t<\/div>\n\t\t<div class=\"elementor-element elementor-element-c04f6d7 e-grid e-con-boxed e-con e-parent\" data-id=\"c04f6d7\" data-element_type=\"container\">\n\t\t\t\t\t<div class=\"e-con-inner\">\n\t\t<div class=\"elementor-element elementor-element-15ad6d6 e-flex e-con-boxed e-con e-child\" data-id=\"15ad6d6\" data-element_type=\"container\">\n\t\t\t\t\t<div class=\"e-con-inner\">\n\t\t\t\t<div class=\"elementor-element elementor-element-59528232 elementor-widget elementor-widget-heading\" data-id=\"59528232\" data-element_type=\"widget\" data-widget_type=\"heading.default\">\n\t\t\t\t<div class=\"elementor-widget-container\">\n\t\t\t\t\t<h2 class=\"elementor-heading-title elementor-size-default\">P1 - Soluci\u00f3n de ensayo y medici\u00f3n emiGO<\/h2>\t\t\t\t<\/div>\n\t\t\t\t<\/div>\n\t\t\t\t<div class=\"elementor-element elementor-element-6fc1ab38 elementor-widget elementor-widget-text-editor\" data-id=\"6fc1ab38\" data-element_type=\"widget\" data-widget_type=\"text-editor.default\">\n\t\t\t\t<div class=\"elementor-widget-container\">\n\t\t\t\t\t\t\t\t\t<p>Ofrecemos una soluci\u00f3n completa compuesta por un osciloscopio y\/o un equipo de radio configurable (fabricado por terceros) y nuestro software.<\/p>\t\t\t\t\t\t\t\t<\/div>\n\t\t\t\t<\/div>\n\t\t\t\t\t<\/div>\n\t\t\t\t<\/div>\n\t\t<div class=\"elementor-element elementor-element-fb2b14d e-flex e-con-boxed e-con e-child\" data-id=\"fb2b14d\" data-element_type=\"container\">\n\t\t\t\t\t<div class=\"e-con-inner\">\n\t\t\t\t<div class=\"elementor-element elementor-element-1330817d elementor-widget elementor-widget-heading\" data-id=\"1330817d\" data-element_type=\"widget\" data-widget_type=\"heading.default\">\n\t\t\t\t<div class=\"elementor-widget-container\">\n\t\t\t\t\t<h2 class=\"elementor-heading-title elementor-size-default\">P2 - Licencia de software emiGO<br><br><\/h2>\t\t\t\t<\/div>\n\t\t\t\t<\/div>\n\t\t\t\t<div class=\"elementor-element elementor-element-73418d42 elementor-widget elementor-widget-text-editor\" data-id=\"73418d42\" data-element_type=\"widget\" data-widget_type=\"text-editor.default\">\n\t\t\t\t<div class=\"elementor-widget-container\">\n\t\t\t\t\t\t\t\t\t<p>Ofreceremos a nuestros clientes una licencia para utilizar el software de nuestro sistema de medici\u00f3n. Este producto est\u00e1 dise\u00f1ado para empresas que ya disponen del hardware necesario para realizar mediciones de interferencias (osciloscopios y equipos de radio configurables) y s\u00f3lo necesitan disponer de los algoritmos desarrollados en una interfaz de software amigable que permita la evaluaci\u00f3n EMI de acuerdo con la normativa.<\/p>\t\t\t\t\t\t\t\t<\/div>\n\t\t\t\t<\/div>\n\t\t\t\t\t<\/div>\n\t\t\t\t<\/div>\n\t\t<div class=\"elementor-element elementor-element-8f438a5 e-flex e-con-boxed e-con e-child\" data-id=\"8f438a5\" data-element_type=\"container\">\n\t\t\t\t\t<div class=\"e-con-inner\">\n\t\t\t\t<div class=\"elementor-element elementor-element-343e4ba3 elementor-widget elementor-widget-heading\" data-id=\"343e4ba3\" data-element_type=\"widget\" data-widget_type=\"heading.default\">\n\t\t\t\t<div class=\"elementor-widget-container\">\n\t\t\t\t\t<h2 class=\"elementor-heading-title elementor-size-default\">S5 - Calibraci\u00f3n de los sistemas de medici\u00f3n emiGO<\/h2>\t\t\t\t<\/div>\n\t\t\t\t<\/div>\n\t\t\t\t<div class=\"elementor-element elementor-element-6edd7a44 elementor-widget elementor-widget-text-editor\" data-id=\"6edd7a44\" data-element_type=\"widget\" data-widget_type=\"text-editor.default\">\n\t\t\t\t<div class=\"elementor-widget-container\">\n\t\t\t\t\t\t\t\t\t<p>Este nuevo servicio estar\u00e1 vinculado a los productos emiGO P1 y P2. Los sistemas de medici\u00f3n requieren calibraciones para controlar la trazabilidad de las mediciones y ser\u00e1n dirigidos por nuestros clientes, lo que abre una necesidad que podemos satisfacer.<\/p>\t\t\t\t\t\t\t\t<\/div>\n\t\t\t\t<\/div>\n\t\t\t\t\t<\/div>\n\t\t\t\t<\/div>\n\t\t<div class=\"elementor-element elementor-element-f9ea4a0 e-flex e-con-boxed e-con e-child\" data-id=\"f9ea4a0\" data-element_type=\"container\">\n\t\t\t\t\t<div class=\"e-con-inner\">\n\t\t\t\t<div class=\"elementor-element elementor-element-71e1ecdc elementor-widget elementor-widget-heading\" data-id=\"71e1ecdc\" data-element_type=\"widget\" data-widget_type=\"heading.default\">\n\t\t\t\t<div class=\"elementor-widget-container\">\n\t\t\t\t\t<h2 class=\"elementor-heading-title elementor-size-default\">S6 - Contrato de arrendamiento del sistema de medici\u00f3n emiGO<\/h2>\t\t\t\t<\/div>\n\t\t\t\t<\/div>\n\t\t\t\t<div class=\"elementor-element elementor-element-9680eb0 elementor-widget elementor-widget-text-editor\" data-id=\"9680eb0\" data-element_type=\"widget\" data-widget_type=\"text-editor.default\">\n\t\t\t\t<div class=\"elementor-widget-container\">\n\t\t\t\t\t\t\t\t\t<p>Este servicio de arrendamiento estar\u00e1 dirigido a clientes que deseen muchas licencias para el sistema de medici\u00f3n y prefieran contratos renovables anualmente. En este caso, se ofrecer\u00e1 una licencia temporal de un a\u00f1o para ser utilizada en un n\u00famero indeterminado de sistemas de medici\u00f3n emiGO basados en nuestra tecnolog\u00eda de medici\u00f3n y procesamiento en el dominio del tiempo. En este caso, se ofrecer\u00e1 la licencia para el software, as\u00ed como cursos de formaci\u00f3n para los usuarios del sistema de medici\u00f3n.<\/p>\t\t\t\t\t\t\t\t<\/div>\n\t\t\t\t<\/div>\n\t\t\t\t\t<\/div>\n\t\t\t\t<\/div>\n\t\t\t\t\t<\/div>\n\t\t\t\t<\/div>\n\t\t\t\t<\/div>","protected":false},"excerpt":{"rendered":"<p>Get Started with emiGO Our products and services seek to unravel EMC issues that cannot be addressed with current assessment tools and methods while accelerating compliance assessment so our top customers, startups and SMEs, can get to market on time and confidently the quality assurance associated with compliance with EMC requirements. P1 \u2013 emiGO test [&hellip;]<\/p>","protected":false},"author":1,"featured_media":0,"parent":0,"menu_order":0,"comment_status":"closed","ping_status":"closed","template":"elementor_header_footer","meta":{"footnotes":""},"class_list":["post-30","page","type-page","status-publish","hentry"],"yoast_head":"<!-- This site is optimized with the Yoast SEO plugin v24.4 - https:\/\/yoast.com\/wordpress\/plugins\/seo\/ -->\n<title>Get Started - emiGO<\/title>\n<meta name=\"description\" content=\"emiGO is a software-enabled EMI receiver using a real-time sampling oscilloscope.\" \/>\n<meta name=\"robots\" content=\"index, follow, max-snippet:-1, max-image-preview:large, max-video-preview:-1\" \/>\n<link rel=\"canonical\" href=\"https:\/\/myblog-sa14rvrpqg.live-website.com\/es\/get-started\/\" \/>\n<meta property=\"og:locale\" content=\"es_ES\" \/>\n<meta property=\"og:type\" content=\"article\" \/>\n<meta property=\"og:title\" content=\"Get Started - emiGO\" \/>\n<meta property=\"og:description\" content=\"emiGO is a software-enabled EMI receiver using a real-time sampling oscilloscope.\" \/>\n<meta property=\"og:url\" content=\"https:\/\/myblog-sa14rvrpqg.live-website.com\/es\/get-started\/\" \/>\n<meta property=\"og:site_name\" content=\"emiGO\" \/>\n<meta property=\"article:modified_time\" content=\"2024-06-06T16:22:23+00:00\" \/>\n<meta name=\"twitter:card\" content=\"summary_large_image\" \/>\n<meta name=\"twitter:label1\" content=\"Tiempo de lectura\" \/>\n\t<meta name=\"twitter:data1\" content=\"2 minutos\" \/>\n<script type=\"application\/ld+json\" class=\"yoast-schema-graph\">{\"@context\":\"https:\/\/schema.org\",\"@graph\":[{\"@type\":\"WebPage\",\"@id\":\"https:\/\/myblog-sa14rvrpqg.live-website.com\/get-started\/\",\"url\":\"https:\/\/myblog-sa14rvrpqg.live-website.com\/get-started\/\",\"name\":\"Get Started - emiGO\",\"isPartOf\":{\"@id\":\"https:\/\/myblog-sa14rvrpqg.live-website.com\/#website\"},\"datePublished\":\"2023-06-24T15:30:30+00:00\",\"dateModified\":\"2024-06-06T16:22:23+00:00\",\"description\":\"emiGO is a software-enabled EMI receiver using a real-time sampling oscilloscope.\",\"breadcrumb\":{\"@id\":\"https:\/\/myblog-sa14rvrpqg.live-website.com\/get-started\/#breadcrumb\"},\"inLanguage\":\"es\",\"potentialAction\":[{\"@type\":\"ReadAction\",\"target\":[\"https:\/\/myblog-sa14rvrpqg.live-website.com\/get-started\/\"]}]},{\"@type\":\"BreadcrumbList\",\"@id\":\"https:\/\/myblog-sa14rvrpqg.live-website.com\/get-started\/#breadcrumb\",\"itemListElement\":[{\"@type\":\"ListItem\",\"position\":1,\"name\":\"Home\",\"item\":\"https:\/\/myblog-sa14rvrpqg.live-website.com\/\"},{\"@type\":\"ListItem\",\"position\":2,\"name\":\"Get Started\"}]},{\"@type\":\"WebSite\",\"@id\":\"https:\/\/myblog-sa14rvrpqg.live-website.com\/#website\",\"url\":\"https:\/\/myblog-sa14rvrpqg.live-website.com\/\",\"name\":\"emiGO\",\"description\":\"emiGO\",\"publisher\":{\"@id\":\"https:\/\/myblog-sa14rvrpqg.live-website.com\/#organization\"},\"potentialAction\":[{\"@type\":\"SearchAction\",\"target\":{\"@type\":\"EntryPoint\",\"urlTemplate\":\"https:\/\/myblog-sa14rvrpqg.live-website.com\/?s={search_term_string}\"},\"query-input\":{\"@type\":\"PropertyValueSpecification\",\"valueRequired\":true,\"valueName\":\"search_term_string\"}}],\"inLanguage\":\"es\"},{\"@type\":\"Organization\",\"@id\":\"https:\/\/myblog-sa14rvrpqg.live-website.com\/#organization\",\"name\":\"emiGO\",\"url\":\"https:\/\/myblog-sa14rvrpqg.live-website.com\/\",\"logo\":{\"@type\":\"ImageObject\",\"inLanguage\":\"es\",\"@id\":\"https:\/\/myblog-sa14rvrpqg.live-website.com\/#\/schema\/logo\/image\/\",\"url\":\"https:\/\/myblog-sa14rvrpqg.live-website.com\/wp-content\/uploads\/2023\/06\/EMIGO6-e1686914925678.png\",\"contentUrl\":\"https:\/\/myblog-sa14rvrpqg.live-website.com\/wp-content\/uploads\/2023\/06\/EMIGO6-e1686914925678.png\",\"width\":366,\"height\":337,\"caption\":\"emiGO\"},\"image\":{\"@id\":\"https:\/\/myblog-sa14rvrpqg.live-website.com\/#\/schema\/logo\/image\/\"}}]}<\/script>\n<!-- \/ Yoast SEO plugin. -->","yoast_head_json":{"title":"Get Started - emiGO","description":"emiGO is a software-enabled EMI receiver using a real-time sampling oscilloscope.","robots":{"index":"index","follow":"follow","max-snippet":"max-snippet:-1","max-image-preview":"max-image-preview:large","max-video-preview":"max-video-preview:-1"},"canonical":"https:\/\/myblog-sa14rvrpqg.live-website.com\/es\/get-started\/","og_locale":"es_ES","og_type":"article","og_title":"Get Started - emiGO","og_description":"emiGO is a software-enabled EMI receiver using a real-time sampling oscilloscope.","og_url":"https:\/\/myblog-sa14rvrpqg.live-website.com\/es\/get-started\/","og_site_name":"emiGO","article_modified_time":"2024-06-06T16:22:23+00:00","twitter_card":"summary_large_image","twitter_misc":{"Tiempo de lectura":"2 minutos"},"schema":{"@context":"https:\/\/schema.org","@graph":[{"@type":"WebPage","@id":"https:\/\/myblog-sa14rvrpqg.live-website.com\/get-started\/","url":"https:\/\/myblog-sa14rvrpqg.live-website.com\/get-started\/","name":"Get Started - emiGO","isPartOf":{"@id":"https:\/\/myblog-sa14rvrpqg.live-website.com\/#website"},"datePublished":"2023-06-24T15:30:30+00:00","dateModified":"2024-06-06T16:22:23+00:00","description":"emiGO is a software-enabled EMI receiver using a real-time sampling oscilloscope.","breadcrumb":{"@id":"https:\/\/myblog-sa14rvrpqg.live-website.com\/get-started\/#breadcrumb"},"inLanguage":"es","potentialAction":[{"@type":"ReadAction","target":["https:\/\/myblog-sa14rvrpqg.live-website.com\/get-started\/"]}]},{"@type":"BreadcrumbList","@id":"https:\/\/myblog-sa14rvrpqg.live-website.com\/get-started\/#breadcrumb","itemListElement":[{"@type":"ListItem","position":1,"name":"Home","item":"https:\/\/myblog-sa14rvrpqg.live-website.com\/"},{"@type":"ListItem","position":2,"name":"Get Started"}]},{"@type":"WebSite","@id":"https:\/\/myblog-sa14rvrpqg.live-website.com\/#website","url":"https:\/\/myblog-sa14rvrpqg.live-website.com\/","name":"emiGO","description":"emiGO","publisher":{"@id":"https:\/\/myblog-sa14rvrpqg.live-website.com\/#organization"},"potentialAction":[{"@type":"SearchAction","target":{"@type":"EntryPoint","urlTemplate":"https:\/\/myblog-sa14rvrpqg.live-website.com\/?s={search_term_string}"},"query-input":{"@type":"PropertyValueSpecification","valueRequired":true,"valueName":"search_term_string"}}],"inLanguage":"es"},{"@type":"Organization","@id":"https:\/\/myblog-sa14rvrpqg.live-website.com\/#organization","name":"emiGO","url":"https:\/\/myblog-sa14rvrpqg.live-website.com\/","logo":{"@type":"ImageObject","inLanguage":"es","@id":"https:\/\/myblog-sa14rvrpqg.live-website.com\/#\/schema\/logo\/image\/","url":"https:\/\/myblog-sa14rvrpqg.live-website.com\/wp-content\/uploads\/2023\/06\/EMIGO6-e1686914925678.png","contentUrl":"https:\/\/myblog-sa14rvrpqg.live-website.com\/wp-content\/uploads\/2023\/06\/EMIGO6-e1686914925678.png","width":366,"height":337,"caption":"emiGO"},"image":{"@id":"https:\/\/myblog-sa14rvrpqg.live-website.com\/#\/schema\/logo\/image\/"}}]}},"_links":{"self":[{"href":"https:\/\/myblog-sa14rvrpqg.live-website.com\/es\/wp-json\/wp\/v2\/pages\/30","targetHints":{"allow":["GET"]}}],"collection":[{"href":"https:\/\/myblog-sa14rvrpqg.live-website.com\/es\/wp-json\/wp\/v2\/pages"}],"about":[{"href":"https:\/\/myblog-sa14rvrpqg.live-website.com\/es\/wp-json\/wp\/v2\/types\/page"}],"author":[{"embeddable":true,"href":"https:\/\/myblog-sa14rvrpqg.live-website.com\/es\/wp-json\/wp\/v2\/users\/1"}],"replies":[{"embeddable":true,"href":"https:\/\/myblog-sa14rvrpqg.live-website.com\/es\/wp-json\/wp\/v2\/comments?post=30"}],"version-history":[{"count":25,"href":"https:\/\/myblog-sa14rvrpqg.live-website.com\/es\/wp-json\/wp\/v2\/pages\/30\/revisions"}],"predecessor-version":[{"id":371,"href":"https:\/\/myblog-sa14rvrpqg.live-website.com\/es\/wp-json\/wp\/v2\/pages\/30\/revisions\/371"}],"wp:attachment":[{"href":"https:\/\/myblog-sa14rvrpqg.live-website.com\/es\/wp-json\/wp\/v2\/media?parent=30"}],"curies":[{"name":"wp","href":"https:\/\/api.w.org\/{rel}","templated":true}]}}